{"id":825,"date":"2020-02-27T11:19:37","date_gmt":"2020-02-27T10:19:37","guid":{"rendered":"http:\/\/pouvoirfaire.fr\/?page_id=825"},"modified":"2022-11-25T11:22:39","modified_gmt":"2022-11-25T10:22:39","slug":"mentions-legales","status":"publish","type":"page","link":"https:\/\/pouvoirfaire.fr\/index.php\/mentions-legales\/","title":{"rendered":"Mentions l\u00e9gales"},"content":{"rendered":"\n<h2><\/h2>\n\n\n\n<p>La consultation de ce site suppose l\u2019acceptation sans r\u00e9serves des conditions g\u00e9n\u00e9rales d\u2019utilisation.<\/p>\n\n\n\n<p>Ce site est la propri\u00e9t\u00e9 de Ro-Bots.<br>Ro-Bots est une association \u00e0 but non lucratif<\/p>\n\n\n\n<p><\/p>\n\n\n\n<p><strong>Edition du site<\/strong><br>Si\u00e8ge social <br><strong>Edition du site<\/strong><br>Si\u00e8ge social<br>RO-BOTS<br>38 rue de Vincennes<br>93500 Montreuil<strong><br>Repr\u00e9sentant-e-s l\u00e9gale-s et directeur-ice-s de la\u00a0publication<br><\/strong>Izar M\u00e9diavilla et Laurent Barnier<br><\/p>\n\n\n\n<p><br><strong>H\u00e9bergement du&nbsp;site<\/strong><br>OVHCloud<br><\/p>\n\n\n\n<h3>Avertissement<\/h3>\n\n\n\n<p>Les informations contenues dans ce site sont n\u00e9cessairement partielles et n\u2019ont aucune valeur&nbsp;contractuelle.<\/p>\n\n\n\n<p>Pouvoir Faire ne peut \u00eatre tenue responsable en cas de mauvaise utilisation du service par le visiteur ou en cas d\u2019indisponibilit\u00e9 temporaire du service (cas de force majeure, de p\u00e9riode de maintenance ou d\u2019incident technique, quel qu\u2019il&nbsp;soit).<\/p>\n\n\n\n<p>Il est express\u00e9ment entendu par l\u2019utilisateur de ce site qu\u2019en aucun cas, Pouvoir Faire  ne peut \u00eatre tenue responsable des dommages quelconques, directs ou indirects, mat\u00e9riels ou immat\u00e9riels r\u00e9sultant notamment de la consultation et\/ou de l\u2019utilisation de ce site web et des \u00e9ventuels documents en t\u00e9l\u00e9chargement, comme de l\u2019utilisation des informations textuelles ou visuelles, qui auraient pu \u00eatre recueillies et notamment de tout pr\u00e9judice financier ou commercial, de pertes de programmes ou de donn\u00e9es dans son syst\u00e8me&nbsp;d\u2019information.<\/p>\n\n\n\n<p>Il appartient \u00e0 chaque utilisateur de prendre toutes les mesures appropri\u00e9es de fa\u00e7on \u00e0 prot\u00e9ger ses propres donn\u00e9es et\/ou logiciels de la contamination d\u2019\u00e9ventuels virus circulant sur&nbsp;Internet.<\/p>\n\n\n\n<p>En utilisant ce site, l\u2019utilisateur reconna\u00eet avoir eu la possibilit\u00e9 de prendre connaissance de cet&nbsp;avertissement.<\/p>\n\n\n\n<h3>Politique du repect de la vie priv\u00e9es des&nbsp;utilisateurs<\/h3>\n\n\n\n<h4>Protection des donn\u00e9es&nbsp;nominatives<\/h4>\n\n\n\n<p>Ce site ne collecte pas de donn\u00e9es personnelles<\/p>\n\n\n\n<p><\/p>\n\n\n\n<p>Les utilisateurs du site sont tenus de respecter les dispositions de la loi relative \u00e0 l\u2019informatique, aux fichiers et aux libert\u00e9s, dont la violation est passible de sanctions&nbsp;p\u00e9nales.<\/p>\n\n\n\n<p>Ils doivent notamment s\u2019abstenir, s\u2019agissant des informations nominatives auxquelles ils acc\u00e8dent, de toute collecte, de toute utilisation d\u00e9tourn\u00e9e et, d\u2019une mani\u00e8re g\u00e9n\u00e9rale, de tout acte susceptible de porter atteinte \u00e0 la vie priv\u00e9e ou \u00e0 la r\u00e9putation des&nbsp;personnes.<\/p>\n\n\n\n<h4>Tra\u00e7age de navigation par&nbsp;cookie<\/h4>\n\n\n\n<p><\/p>\n\n\n\n<p>Ce site ne poss\u00e8de de traceur de navigation par coockie<\/p>\n\n\n\n<h3>Liens&nbsp;hypertextes<\/h3>\n\n\n\n<p>Les liens hypertextes mis en \u0153uvre en direction d\u2019autres sites Internet ne sauraient engager la responsabilit\u00e9 de Coopaname, celle-ci n\u2019exer\u00e7ant aucun contr\u00f4le sur le contenu des sites auxquels elle&nbsp;renvoie.<\/p>\n\n\n\n<h3>Droit de propri\u00e9t\u00e9&nbsp;intellectuelle<\/h3>\n\n\n\n<p>La structure g\u00e9n\u00e9rale du site Internet&nbsp;<em>Pouvoirfaire.fr<\/em>&nbsp;ainsi que l\u2019ensemble des contenus qui y sont diffus\u00e9s (notamment les images, articles, photographies, illustrations, signes distinctifs, logos, marques, vid\u00e9os, interviews, sons et textes, bases de donn\u00e9es) sont prot\u00e9g\u00e9s par la l\u00e9gislation en vigueur en France en mati\u00e8re de propri\u00e9t\u00e9 intellectuelle et notamment le droit d\u2019auteur, le droit voisin, le droit des marques, le droit \u00e0&nbsp;l\u2019image.<\/p>\n\n\n\n<p>Les pr\u00e9sentes conditions g\u00e9n\u00e9rales d\u2019utilisation n\u2019entra\u00eenent le transfert d\u2019aucun droit de propri\u00e9t\u00e9 intellectuelle \u00e0&nbsp;l\u2019utilisateur.<\/p>\n\n\n\n<p>Tous les droits de reproduction sont r\u00e9serv\u00e9s, y compris pour les textes, les documents t\u00e9l\u00e9chargeables, les repr\u00e9sentations iconographiques et photographiques.<br><em>Le design du site est fait par&nbsp;<a href=\"https:\/\/jujube.artstation.com\/\">Jujube art<\/a>&nbsp;et est sous licence cc-by-nc-nd 4.0<\/em><br><br>A ce titre, \u00e0 d\u00e9faut d\u2019autorisation \u00e9crite expresse de la soci\u00e9t\u00e9 Pouvoirfaire\/Coopaname &#8211; ou mention faite sur certains contenus sp\u00e9cifiques du site -, il est strictement interdit d\u2019exploiter les contenus du site pouvoirfaire.fr&nbsp;et notamment de les reproduire, repr\u00e9senter, modifier ou adapter en tout ou&nbsp;partie.<\/p>\n\n\n\n<h3>Droit&nbsp;applicable<\/h3>\n\n\n\n<p>Le pr\u00e9sent site est soumis au droit&nbsp;fran\u00e7ais.<\/p>\n\n\n\n<p><\/p>\n","protected":false},"excerpt":{"rendered":"<p>La consultation de ce site suppose l\u2019acceptation sans r\u00e9serves des conditions g\u00e9n\u00e9rales d\u2019utilisation. Ce site est la propri\u00e9t\u00e9 de Ro-Bots.Ro-Bots est une association \u00e0 but non lucratif Edition du siteSi\u00e8ge social Edition du siteSi\u00e8ge socialRO-BOTS38 rue de Vincennes93500 MontreuilRepr\u00e9sentant-e-s l\u00e9gale-s et directeur-ice-s de la\u00a0publicationIzar M\u00e9diavilla et Laurent Barnier H\u00e9bergement du&nbsp;siteOVHCloud Avertissement Les informations contenues dans &hellip; <\/p>\n<p class=\"link-more\"><a href=\"https:\/\/pouvoirfaire.fr\/index.php\/mentions-legales\/\" class=\"more-link\">Continuer la lecture<span class=\"screen-reader-text\"> de &laquo;&nbsp;Mentions l\u00e9gales&nbsp;&raquo;<\/span><\/a><\/p>\n","protected":false},"author":2,"featured_media":0,"parent":0,"menu_order":0,"comment_status":"closed","ping_status":"closed","template":"","meta":{"_coblocks_attr":"","_coblocks_dimensions":"","_coblocks_responsive_height":"","_coblocks_accordion_ie_support":""},"uagb_featured_image_src":{"full":false,"thumbnail":false,"medium":false,"medium_large":false,"large":false,"1536x1536":false,"2048x2048":false,"twentyseventeen-featured-image":false,"twentyseventeen-thumbnail-avatar":false,"menu-6x6":false,"menu-12x12":false,"menu-48x48":false},"uagb_author_info":{"display_name":"laurent Barnier","author_link":"https:\/\/pouvoirfaire.fr\/index.php\/author\/laurent\/"},"uagb_comment_info":0,"uagb_excerpt":"La consultation de ce site suppose l\u2019acceptation sans r\u00e9serves des conditions g\u00e9n\u00e9rales d\u2019utilisation. Ce site est la propri\u00e9t\u00e9 de Ro-Bots.Ro-Bots est une association \u00e0 but non lucratif Edition du siteSi\u00e8ge social Edition du siteSi\u00e8ge socialRO-BOTS38 rue de Vincennes93500 MontreuilRepr\u00e9sentant-e-s l\u00e9gale-s et directeur-ice-s de la\u00a0publicationIzar M\u00e9diavilla et Laurent Barnier H\u00e9bergement du&nbsp;siteOVHCloud Avertissement Les informations contenues dans\u2026","_links":{"self":[{"href":"https:\/\/pouvoirfaire.fr\/index.php\/wp-json\/wp\/v2\/pages\/825"}],"collection":[{"href":"https:\/\/pouvoirfaire.fr\/index.php\/wp-json\/wp\/v2\/pages"}],"about":[{"href":"https:\/\/pouvoirfaire.fr\/index.php\/wp-json\/wp\/v2\/types\/page"}],"author":[{"embeddable":true,"href":"https:\/\/pouvoirfaire.fr\/index.php\/wp-json\/wp\/v2\/users\/2"}],"replies":[{"embeddable":true,"href":"https:\/\/pouvoirfaire.fr\/index.php\/wp-json\/wp\/v2\/comments?post=825"}],"version-history":[{"count":8,"href":"https:\/\/pouvoirfaire.fr\/index.php\/wp-json\/wp\/v2\/pages\/825\/revisions"}],"predecessor-version":[{"id":953,"href":"https:\/\/pouvoirfaire.fr\/index.php\/wp-json\/wp\/v2\/pages\/825\/revisions\/953"}],"wp:attachment":[{"href":"https:\/\/pouvoirfaire.fr\/index.php\/wp-json\/wp\/v2\/media?parent=825"}],"curies":[{"name":"wp","href":"https:\/\/api.w.org\/{rel}","templated":true}]}}