{"id":66,"date":"2019-02-23T23:39:48","date_gmt":"2019-02-23T22:39:48","guid":{"rendered":"http:\/\/pouvoirfaire.fr\/?page_id=66"},"modified":"2019-10-01T12:22:09","modified_gmt":"2019-10-01T10:22:09","slug":"les-ateliers","status":"publish","type":"page","link":"https:\/\/pouvoirfaire.fr\/index.php\/les-ateliers\/","title":{"rendered":"Les ateliers"},"content":{"rendered":"\n<p><\/p>\n\n\n\n<div class=\"is-layout-flex wp-container-3 wp-block-columns has-2-columns\">\n<div class=\"is-layout-flow wp-block-column\">\n<figure class=\"wp-block-image\"><a href=\"http:\/\/pouvoirfaire.fr\/index.php\/robot-humanoide\/\"><img decoding=\"async\" loading=\"lazy\" width=\"1024\" height=\"1024\" src=\"http:\/\/pouvoirfaire.fr\/wp-content\/uploads\/2019\/09\/humanoide-1024x1024.png\" alt=\"\" class=\"wp-image-474\" srcset=\"https:\/\/pouvoirfaire.fr\/wp-content\/uploads\/2019\/09\/humanoide-1024x1024.png 1024w, https:\/\/pouvoirfaire.fr\/wp-content\/uploads\/2019\/09\/humanoide-150x150.png 150w, https:\/\/pouvoirfaire.fr\/wp-content\/uploads\/2019\/09\/humanoide-300x300.png 300w, https:\/\/pouvoirfaire.fr\/wp-content\/uploads\/2019\/09\/humanoide-768x768.png 768w, https:\/\/pouvoirfaire.fr\/wp-content\/uploads\/2019\/09\/humanoide-100x100.png 100w, https:\/\/pouvoirfaire.fr\/wp-content\/uploads\/2019\/09\/humanoide.png 1500w\" sizes=\"(max-width: 767px) 89vw, (max-width: 1000px) 54vw, (max-width: 1071px) 543px, 580px\" \/><\/a><\/figure>\n\n\n\n<h3><a href=\"http:\/\/pouvoirfaire.fr\/index.php\/robot-humanoide\/\">Robot humano\u00efde de conversation<\/a><\/h3>\n\n\n\n<p>Construction et mise en mouvement du visage d\u2019un robot humano\u00efde avec les techniques de fabrication num\u00e9rique. <\/p>\n<\/div>\n\n\n\n<div class=\"is-layout-flow wp-block-column\">\n<figure class=\"wp-block-image\"><a href=\"http:\/\/pouvoirfaire.fr\/index.php\/re-emploi-et-reparation\/\"><img decoding=\"async\" loading=\"lazy\" width=\"1024\" height=\"1024\" src=\"http:\/\/pouvoirfaire.fr\/wp-content\/uploads\/2019\/09\/recyclage-1024x1024.png\" alt=\"\" class=\"wp-image-472\" srcset=\"https:\/\/pouvoirfaire.fr\/wp-content\/uploads\/2019\/09\/recyclage-1024x1024.png 1024w, https:\/\/pouvoirfaire.fr\/wp-content\/uploads\/2019\/09\/recyclage-150x150.png 150w, https:\/\/pouvoirfaire.fr\/wp-content\/uploads\/2019\/09\/recyclage-300x300.png 300w, https:\/\/pouvoirfaire.fr\/wp-content\/uploads\/2019\/09\/recyclage-768x768.png 768w, https:\/\/pouvoirfaire.fr\/wp-content\/uploads\/2019\/09\/recyclage-100x100.png 100w, https:\/\/pouvoirfaire.fr\/wp-content\/uploads\/2019\/09\/recyclage.png 1500w\" sizes=\"(max-width: 767px) 89vw, (max-width: 1000px) 54vw, (max-width: 1071px) 543px, 580px\" \/><\/a><\/figure>\n\n\n\n<h3><a href=\"http:\/\/pouvoirfaire.fr\/index.php\/re-emploi-et-reparation\/\">R\u00e9-emploi et r\u00e9paration<\/a><\/h3>\n\n\n\n<p>Atelier d\u2019initiation \u00e0 la r\u00e9paration, au r\u00e9-emploi et \u00e0 la transformation cr\u00e9ative.<\/p>\n<\/div>\n<\/div>\n\n\n\n<div class=\"is-layout-flex wp-container-6 wp-block-columns has-2-columns\">\n<div class=\"is-layout-flow wp-block-column\">\n<figure class=\"wp-block-image\"><a href=\"http:\/\/pouvoirfaire.fr\/index.php\/instruments-interactifs\/\"><img decoding=\"async\" loading=\"lazy\" width=\"1024\" height=\"1024\" src=\"http:\/\/pouvoirfaire.fr\/wp-content\/uploads\/2019\/09\/instruments-1024x1024.png\" alt=\"\" class=\"wp-image-473\" srcset=\"https:\/\/pouvoirfaire.fr\/wp-content\/uploads\/2019\/09\/instruments-1024x1024.png 1024w, https:\/\/pouvoirfaire.fr\/wp-content\/uploads\/2019\/09\/instruments-150x150.png 150w, https:\/\/pouvoirfaire.fr\/wp-content\/uploads\/2019\/09\/instruments-300x300.png 300w, https:\/\/pouvoirfaire.fr\/wp-content\/uploads\/2019\/09\/instruments-768x768.png 768w, https:\/\/pouvoirfaire.fr\/wp-content\/uploads\/2019\/09\/instruments-100x100.png 100w, https:\/\/pouvoirfaire.fr\/wp-content\/uploads\/2019\/09\/instruments.png 1500w\" sizes=\"(max-width: 767px) 89vw, (max-width: 1000px) 54vw, (max-width: 1071px) 543px, 580px\" \/><\/a><\/figure>\n\n\n\n<h3><a href=\"http:\/\/pouvoirfaire.fr\/index.php\/instruments-interactifs\/\">Instruments interactifs<\/a><\/h3>\n\n\n\n<p>Fabrication d\u2019instruments interactifs, afin  d\u2019appr\u00e9hender la musique de mani\u00e8re sensorielle et ludique. Atelier tout public adapt\u00e9 aux personnes en situation de handicap.<\/p>\n<\/div>\n\n\n\n<div class=\"is-layout-flow wp-block-column\">\n<figure class=\"wp-block-image\"><a href=\"http:\/\/pouvoirfaire.fr\/index.php\/robots-sportifs\/\"><img decoding=\"async\" loading=\"lazy\" width=\"1024\" height=\"1024\" src=\"http:\/\/pouvoirfaire.fr\/wp-content\/uploads\/2019\/09\/robots-sportifs-1024x1024.png\" alt=\"\" class=\"wp-image-471\" srcset=\"https:\/\/pouvoirfaire.fr\/wp-content\/uploads\/2019\/09\/robots-sportifs-1024x1024.png 1024w, https:\/\/pouvoirfaire.fr\/wp-content\/uploads\/2019\/09\/robots-sportifs-150x150.png 150w, https:\/\/pouvoirfaire.fr\/wp-content\/uploads\/2019\/09\/robots-sportifs-300x300.png 300w, https:\/\/pouvoirfaire.fr\/wp-content\/uploads\/2019\/09\/robots-sportifs-768x768.png 768w, https:\/\/pouvoirfaire.fr\/wp-content\/uploads\/2019\/09\/robots-sportifs-100x100.png 100w, https:\/\/pouvoirfaire.fr\/wp-content\/uploads\/2019\/09\/robots-sportifs.png 1500w\" sizes=\"(max-width: 767px) 89vw, (max-width: 1000px) 54vw, (max-width: 1071px) 543px, 580px\" \/><\/a><\/figure>\n\n\n\n<h3><a href=\"http:\/\/pouvoirfaire.fr\/index.php\/robots-sportifs\/\">Robots Sportifs<\/a><\/h3>\n\n\n\n<p>Fabrication de robots sportifs qui se finalisera par un championnat.<\/p>\n<\/div>\n<\/div>\n\n\n\n<p><em>All design by <a href=\"https:\/\/jujube.artstation.com\/\">Jujube art<\/a> under cc-by-nc-nd 4.0<\/em><\/p>\n","protected":false},"excerpt":{"rendered":"<p>Robot humano\u00efde de conversation Construction et mise en mouvement du visage d\u2019un robot humano\u00efde avec les techniques de fabrication num\u00e9rique. R\u00e9-emploi et r\u00e9paration Atelier d\u2019initiation \u00e0 la r\u00e9paration, au r\u00e9-emploi et \u00e0 la transformation cr\u00e9ative. Instruments interactifs Fabrication d\u2019instruments interactifs, afin d\u2019appr\u00e9hender la musique de mani\u00e8re sensorielle et ludique. Atelier tout public adapt\u00e9 aux personnes &hellip; <\/p>\n<p class=\"link-more\"><a href=\"https:\/\/pouvoirfaire.fr\/index.php\/les-ateliers\/\" class=\"more-link\">Continuer la lecture<span class=\"screen-reader-text\"> de &laquo;&nbsp;Les ateliers&nbsp;&raquo;<\/span><\/a><\/p>\n","protected":false},"author":1,"featured_media":0,"parent":0,"menu_order":0,"comment_status":"closed","ping_status":"closed","template":"","meta":{"_coblocks_attr":"","_coblocks_dimensions":"","_coblocks_responsive_height":"","_coblocks_accordion_ie_support":""},"uagb_featured_image_src":{"full":false,"thumbnail":false,"medium":false,"medium_large":false,"large":false,"1536x1536":false,"2048x2048":false,"twentyseventeen-featured-image":false,"twentyseventeen-thumbnail-avatar":false,"menu-6x6":false,"menu-12x12":false,"menu-48x48":false},"uagb_author_info":{"display_name":"admin8267","author_link":"https:\/\/pouvoirfaire.fr\/index.php\/author\/admin8267\/"},"uagb_comment_info":0,"uagb_excerpt":"Robot humano\u00efde de conversation Construction et mise en mouvement du visage d\u2019un robot humano\u00efde avec les techniques de fabrication num\u00e9rique. R\u00e9-emploi et r\u00e9paration Atelier d\u2019initiation \u00e0 la r\u00e9paration, au r\u00e9-emploi et \u00e0 la transformation cr\u00e9ative. Instruments interactifs Fabrication d\u2019instruments interactifs, afin d\u2019appr\u00e9hender la musique de mani\u00e8re sensorielle et ludique. Atelier tout public adapt\u00e9 aux personnes\u2026","_links":{"self":[{"href":"https:\/\/pouvoirfaire.fr\/index.php\/wp-json\/wp\/v2\/pages\/66"}],"collection":[{"href":"https:\/\/pouvoirfaire.fr\/index.php\/wp-json\/wp\/v2\/pages"}],"about":[{"href":"https:\/\/pouvoirfaire.fr\/index.php\/wp-json\/wp\/v2\/types\/page"}],"author":[{"embeddable":true,"href":"https:\/\/pouvoirfaire.fr\/index.php\/wp-json\/wp\/v2\/users\/1"}],"replies":[{"embeddable":true,"href":"https:\/\/pouvoirfaire.fr\/index.php\/wp-json\/wp\/v2\/comments?post=66"}],"version-history":[{"count":57,"href":"https:\/\/pouvoirfaire.fr\/index.php\/wp-json\/wp\/v2\/pages\/66\/revisions"}],"predecessor-version":[{"id":762,"href":"https:\/\/pouvoirfaire.fr\/index.php\/wp-json\/wp\/v2\/pages\/66\/revisions\/762"}],"wp:attachment":[{"href":"https:\/\/pouvoirfaire.fr\/index.php\/wp-json\/wp\/v2\/media?parent=66"}],"curies":[{"name":"wp","href":"https:\/\/api.w.org\/{rel}","templated":true}]}}