{"id":168,"date":"2019-03-06T11:12:26","date_gmt":"2019-03-06T10:12:26","guid":{"rendered":"http:\/\/pouvoirfaire.fr\/?page_id=168"},"modified":"2022-11-25T11:48:19","modified_gmt":"2022-11-25T10:48:19","slug":"nos-offres","status":"publish","type":"page","link":"https:\/\/pouvoirfaire.fr\/index.php\/nos-offres\/","title":{"rendered":"Formation professionnelle"},"content":{"rendered":"<div class=\"wp-block-image\">\n<figure class=\"aligncenter is-resized\"><img decoding=\"async\" loading=\"lazy\" src=\"http:\/\/pouvoirfaire.fr\/wp-content\/uploads\/2019\/09\/table2-1024x699.png\" alt=\"\" class=\"wp-image-625\" width=\"512\" height=\"350\" srcset=\"https:\/\/pouvoirfaire.fr\/wp-content\/uploads\/2019\/09\/table2-1024x699.png 1024w, https:\/\/pouvoirfaire.fr\/wp-content\/uploads\/2019\/09\/table2-300x205.png 300w, https:\/\/pouvoirfaire.fr\/wp-content\/uploads\/2019\/09\/table2-768x524.png 768w, https:\/\/pouvoirfaire.fr\/wp-content\/uploads\/2019\/09\/table2-6x4.png 6w, https:\/\/pouvoirfaire.fr\/wp-content\/uploads\/2019\/09\/table2-12x8.png 12w, https:\/\/pouvoirfaire.fr\/wp-content\/uploads\/2019\/09\/table2-48x33.png 48w\" sizes=\"(max-width: 512px) 100vw, 512px\" \/><\/figure><\/div>\n\n\n<p class=\"has-text-align-center\">Actuellement prestataire de formation, nous ne sommes pas Qualiopi.<em> La prise en charge des co\u00fbts de formation se fait sous certaines conditions, n\u2019h\u00e9sitez pas \u00e0 prendre contact avec l\u2019OPCA aupr\u00e8s duquel vous cotisez pour plus d\u2019informations sur vos droits. <\/em><\/p>\n\n\n\n<div class=\"is-layout-flex wp-container-3 wp-block-columns has-2-columns\">\n<div class=\"is-layout-flow wp-block-column\">\n<h4><strong>M\u00e9diation scientifique et technique <\/strong><\/h4>\n\n\n\n<p>Apprendre les bases de la m\u00e9diation et l&rsquo;animation scientifique et technique, apprendre ce qu&rsquo;il est possible de faire avec des machines-outils et de la robotique.<\/p>\n\n\n\n<p><em><a href=\"http:\/\/pouvoirfaire.fr\/index.php\/contact\/\">Nous contacter pour obtenir le programme<\/a><\/em><\/p>\n<\/div>\n\n\n\n<div class=\"is-layout-flow wp-block-column\">\n<h3><strong>Animation d&rsquo;un tiers-lieu num\u00e9rique<\/strong><\/h3>\n\n\n\n<p>Former et rendre autonome une communaut\u00e9 autour d&rsquo;un tiers-lieu num\u00e9rique. Connaitre les postures de la m\u00e9diation num\u00e9rique. Savoir accueillir les publics en situation de pr\u00e9carit\u00e9 num\u00e9rique. Connaitre les outils de diagnostique num\u00e9rique. Savoir organiser son espace num\u00e9rique pour accueillir au mieux les publics.<\/p>\n\n\n\n<p><em><a href=\"http:\/\/pouvoirfaire.fr\/index.php\/contact\/\">Nous contacter pour obtenir le programme<\/a><\/em><\/p>\n<\/div>\n<\/div>\n\n\n\n<div class=\"is-layout-flex wp-container-6 wp-block-columns has-2-columns\">\n<div class=\"is-layout-flow wp-block-column\">\n<h4>Animation <a href=\"http:\/\/robots-sportifs.fr\">Robots Sportifs<\/a><\/h4>\n\n\n\n<p> Savoir animer une \u00e9quipe de jeunes et d&rsquo;adultes autour des enjeux robotiques. Savoir fabriquer, coder et esth\u00e9tiser les robots de Robots Sportifs.<br>Savoir dynamiser une \u00e9quipe autours des sports robotiques.<\/p>\n\n\n\n<p><em><a href=\"http:\/\/pouvoirfaire.fr\/index.php\/contact\/\">Nous contacter pour obtenir le programme<\/a><\/em><\/p>\n<\/div>\n\n\n\n<div class=\"is-layout-flow wp-block-column\">\n<h4><strong>Inclusion num\u00e9rique<\/strong><\/h4>\n\n\n\n<p>Formation initiale aux usages des num\u00e9riques pour les publics en situation de pr\u00e9carit\u00e9 num\u00e9rique et sociales. (PSH, Alpha&#8230;). <\/p>\n\n\n\n<p><\/p>\n\n\n\n<p><em><a href=\"http:\/\/pouvoirfaire.fr\/index.php\/contact\/\">Nous contacter pour obtenir le programme<\/a><\/em><\/p>\n<\/div>\n<\/div>\n\n\n\n<p><\/p>\n","protected":false},"excerpt":{"rendered":"<p>Actuellement prestataire de formation, nous ne sommes pas Qualiopi. La prise en charge des co\u00fbts de formation se fait sous certaines conditions, n\u2019h\u00e9sitez pas \u00e0 prendre contact avec l\u2019OPCA aupr\u00e8s duquel vous cotisez pour plus d\u2019informations sur vos droits. M\u00e9diation scientifique et technique Apprendre les bases de la m\u00e9diation et l&rsquo;animation scientifique et technique, apprendre &hellip; <\/p>\n<p class=\"link-more\"><a href=\"https:\/\/pouvoirfaire.fr\/index.php\/nos-offres\/\" class=\"more-link\">Continuer la lecture<span class=\"screen-reader-text\"> de &laquo;&nbsp;Formation professionnelle&nbsp;&raquo;<\/span><\/a><\/p>\n","protected":false},"author":1,"featured_media":0,"parent":0,"menu_order":0,"comment_status":"closed","ping_status":"closed","template":"","meta":{"_coblocks_attr":"","_coblocks_dimensions":"","_coblocks_responsive_height":"","_coblocks_accordion_ie_support":""},"uagb_featured_image_src":{"full":false,"thumbnail":false,"medium":false,"medium_large":false,"large":false,"1536x1536":false,"2048x2048":false,"twentyseventeen-featured-image":false,"twentyseventeen-thumbnail-avatar":false,"menu-6x6":false,"menu-12x12":false,"menu-48x48":false},"uagb_author_info":{"display_name":"admin8267","author_link":"https:\/\/pouvoirfaire.fr\/index.php\/author\/admin8267\/"},"uagb_comment_info":0,"uagb_excerpt":"Actuellement prestataire de formation, nous ne sommes pas Qualiopi. La prise en charge des co\u00fbts de formation se fait sous certaines conditions, n\u2019h\u00e9sitez pas \u00e0 prendre contact avec l\u2019OPCA aupr\u00e8s duquel vous cotisez pour plus d\u2019informations sur vos droits. M\u00e9diation scientifique et technique Apprendre les bases de la m\u00e9diation et l&rsquo;animation scientifique et technique, apprendre\u2026","_links":{"self":[{"href":"https:\/\/pouvoirfaire.fr\/index.php\/wp-json\/wp\/v2\/pages\/168"}],"collection":[{"href":"https:\/\/pouvoirfaire.fr\/index.php\/wp-json\/wp\/v2\/pages"}],"about":[{"href":"https:\/\/pouvoirfaire.fr\/index.php\/wp-json\/wp\/v2\/types\/page"}],"author":[{"embeddable":true,"href":"https:\/\/pouvoirfaire.fr\/index.php\/wp-json\/wp\/v2\/users\/1"}],"replies":[{"embeddable":true,"href":"https:\/\/pouvoirfaire.fr\/index.php\/wp-json\/wp\/v2\/comments?post=168"}],"version-history":[{"count":33,"href":"https:\/\/pouvoirfaire.fr\/index.php\/wp-json\/wp\/v2\/pages\/168\/revisions"}],"predecessor-version":[{"id":962,"href":"https:\/\/pouvoirfaire.fr\/index.php\/wp-json\/wp\/v2\/pages\/168\/revisions\/962"}],"wp:attachment":[{"href":"https:\/\/pouvoirfaire.fr\/index.php\/wp-json\/wp\/v2\/media?parent=168"}],"curies":[{"name":"wp","href":"https:\/\/api.w.org\/{rel}","templated":true}]}}